{"id":1782,"date":"2025-05-02T10:04:47","date_gmt":"2025-05-02T10:04:47","guid":{"rendered":"https:\/\/afak-sante-mentale.ma\/?page_id=1782"},"modified":"2025-05-02T10:36:37","modified_gmt":"2025-05-02T10:36:37","slug":"mediatheque","status":"publish","type":"page","link":"https:\/\/afak-sante-mentale.ma\/ar\/mediatheque\/","title":{"rendered":"\u0627\u0644\u0645\u0643\u062a\u0628\u0629 \u0627\u0644\u0625\u0639\u0644\u0627\u0645\u064a\u0629"},"content":{"rendered":"<div class=\"wp-block-uagb-container uagb-block-7fe724aa alignfull uagb-is-root-container\"><div class=\"uagb-container-inner-blocks-wrap\">\n<div class=\"wp-block-uagb-advanced-heading uagb-block-cd569dfd\"><h2 class=\"uagb-heading-text\">Galerie des photos\u200b<\/h2><\/div>\n<\/div><\/div>\n\n\n\n<div style=\"height:15px\" aria-hidden=\"true\" class=\"wp-block-spacer\"><\/div>\n\n\n\n<div class=\"wp-block-uagb-container uagb-block-749de40b alignwide uagb-is-root-container\">\n<div class=\"wp-block-uagb-advanced-heading uagb-block-69b6aad2\"><h2 class=\"uagb-heading-text\">\u0627\u0644\u0645\u0643\u062a\u0628\u0629 \u0627\u0644\u0625\u0639\u0644\u0627\u0645\u064a\u0629<\/h2><\/div>\n<\/div>\n\n\n\n<p class=\"has-text-align-center\">\u0645\u0631\u062d\u0628\u0627 \u0641 \u0627\u0644\u0645\u0643\u0627\u0646 \u062f\u064a\u0627\u0644\u0646\u0627 \u0627\u0644\u0645\u0644\u062a\u064a\u0645\u064a\u062f\u064a\u0627.<br>\u062f\u062e\u0644\u0648\u0627 \u0641\u064a \u0627\u0644\u0635\u0648\u0631 \u0648\u0641\u064a \u0627\u0644\u0641\u064a\u062f\u064a\u0648\u0647\u0627\u062a \u0627\u0644\u0623\u0639\u0645\u0627\u0644\u060c \u0627\u0644\u0623\u062d\u062f\u0627\u062b\u060c \u0627\u0644\u062d\u0645\u0644\u0627\u062a \u0627\u0644\u062a\u0648\u0639\u0648\u064a\u0629 \u0648\u0627\u0644\u0634\u0647\u0627\u062f\u0627\u062a \u0627\u0644\u062a\u064a \u0639\u0646\u062f \u062c\u0645\u0639\u064a\u0629 \u0623\u0641\u0642 \u0627\u0644\u0635\u062d\u0629 \u0627\u0644\u0646\u0641\u0633\u064a\u0629.<\/p>\n\n\n\n<p class=\"has-text-align-center\">\u0639\u0628\u0631 \u0647\u0630\u0647 \u0627\u0644\u0645\u0643\u062a\u0628\u0629\u060c \u0646\u0634\u0627\u0631\u0643 \u0627\u0644\u062a\u0632\u0627\u0645\u0646\u0627 \u0644\u0635\u0627\u0644\u062d \u0627\u0644\u0635\u062d\u0629 \u0627\u0644\u0639\u0642\u0644\u064a\u0629 \u0641\u064a \u0627\u0644\u0645\u063a\u0631\u0628\u060c \u0645\u0646 \u062e\u0644\u0627\u0644 \u0625\u0639\u0637\u0627\u0621 \u0627\u0644\u0643\u0644\u0645\u0629 \u0644\u0644\u0623\u0634\u062e\u0627\u0635 \u0627\u0644\u0645\u0639\u0646\u064a\u064a\u0646\u060c \u0648\u0627\u0644\u0645\u0647\u0646\u064a\u064a\u0646\u060c \u0648\u0627\u0644\u0634\u0631\u0643\u0627\u0621.<\/p>\n\n\n\n<div class=\"wp-block-media-text is-stacked-on-mobile\"><figure class=\"wp-block-media-text__media\"><img loading=\"lazy\" decoding=\"async\" width=\"1024\" height=\"682\" src=\"https:\/\/afak-sante-mentale.ma\/wp-content\/uploads\/2025\/05\/camera-581126_1280-1024x682.jpg\" alt=\"\" class=\"wp-image-1783 size-full\" srcset=\"https:\/\/afak-sante-mentale.ma\/wp-content\/uploads\/2025\/05\/camera-581126_1280-1024x682.jpg 1024w, https:\/\/afak-sante-mentale.ma\/wp-content\/uploads\/2025\/05\/camera-581126_1280-300x200.jpg 300w, https:\/\/afak-sante-mentale.ma\/wp-content\/uploads\/2025\/05\/camera-581126_1280-768x512.jpg 768w, https:\/\/afak-sante-mentale.ma\/wp-content\/uploads\/2025\/05\/camera-581126_1280.jpg 1280w\" sizes=\"auto, (max-width: 1024px) 100vw, 1024px\" \/><\/figure><div class=\"wp-block-media-text__content\">\n<div class=\"wp-block-uagb-advanced-heading uagb-block-61e872cf\"><h2 class=\"uagb-heading-text\">\u0627\u0644\u0623\u0646\u0634\u0637\u0629 \u062f\u064a\u0627\u0644 \u0627\u0644\u062c\u0645\u0639\u064a\u0629<\/h2><\/div>\n\n\n\n<p class=\"has-text-align-center\">\u0631\u062c\u0639\u0648\u0627 \u0647\u0646\u0627 \u0627\u0644\u0648\u0642\u062a \u0627\u0644\u0645\u0647\u0645 \u062f\u064a\u0627\u0644 \u0627\u0644\u062c\u0645\u0639\u064a\u0629 \u0623\u0641\u0642 \u0635\u062d\u0629 \u0639\u0642\u0644\u064a\u0629 \u0639\u0628\u0631 \u0627\u0644\u0623\u0644\u0628\u0648\u0645\u0627\u062a \u062f\u064a\u0627\u0644\u0646\u0627 \u0648 \u0627\u0644\u0641\u064a\u062f\u064a\u0648\u0647\u0627\u062a.<br>\u0646\u0638\u0631\u0629 \u0628\u0635\u0631\u064a\u0629 \u0639\u0644\u0649 \u0627\u0644\u0639\u0647\u062f\u0627\u062a \u062f\u064a\u0627\u0644\u0646\u0627\u060c \u0627\u0644\u062d\u0641\u0644\u0627\u062a \u062f\u064a\u0627\u0644\u0646\u0627\u060c \u0648 \u0627\u0644\u062d\u0645\u0644\u0627\u062a \u062f\u064a\u0627\u0644 \u0627\u0644\u062a\u0648\u0639\u064a\u0629.<\/p>\n\n\n\n<pre class=\"wp-block-code\"><code>    \u0627\u0633\u062a\u0643\u0634\u0641\u0648\u0627 \u0623\u0644\u0628\u0648\u0645\u0627\u062a\u0646\u0627 \u0627\u0644\u0641\u0648\u062a\u0648\u063a\u0631\u0627\u0641\u064a\u0629 \u0644\u0627\u0643\u062a\u0634\u0627\u0641 \u0627\u0644\u0623\u0646\u0634\u0637\u0629 \u0627\u0644\u0645\u064a\u062f\u0627\u0646\u064a\u0629\u060c \u0623\u064a\u0627\u0645 \u0627\u0644\u062a\u0648\u0639\u064a\u0629\u060c \u0627\u0644\u0648\u0631\u0634 \u0648\u0627\u0644\u0645\u0632\u064a\u062f.<\/code><\/pre>\n\n\n\n<div class=\"wp-block-buttons is-content-justification-center is-layout-flex wp-container-core-buttons-is-layout-a89b3969 wp-block-buttons-is-layout-flex\">\n<div class=\"wp-block-button\"><a class=\"wp-block-button__link wp-element-button\" href=\"https:\/\/afak-sante-mentale.ma\/ar\/photos\/\">\u0634\u0648\u0641 \u0627\u0644\u0635\u0648\u0631<\/a><\/div>\n<\/div>\n<\/div><\/div>\n\n\n\n<div class=\"wp-block-uagb-container uagb-block-7fa17d21 alignwide uagb-is-root-container\">\n<div style=\"height:50px\" aria-hidden=\"true\" class=\"wp-block-spacer\"><\/div>\n<\/div>\n\n\n\n<div class=\"wp-block-media-text has-media-on-the-right is-stacked-on-mobile\"><div class=\"wp-block-media-text__content\">\n<div class=\"wp-block-uagb-advanced-heading uagb-block-f9c0e690\"><h2 class=\"uagb-heading-text\">\u0645\u0633\u0627\u062d\u0629 \u0627\u0644\u0641\u064a\u062f\u064a\u0648<\/h2><\/div>\n\n\n\n<p class=\"has-text-align-center\">\u0634\u0648\u0641\u0648\u0627 \u0627\u0644\u0641\u064a\u062f\u064a\u0648\u0647\u0627\u062a \u062f\u064a\u0627\u0644\u0646\u0627: \u0627\u0646\u062a\u0631\u0641\u064a\u0648\u0647\u0627\u062a\u060c \u0634\u0647\u0627\u062f\u0627\u062a\u060c \u0645\u0642\u062a\u0637\u0641\u0627\u062a \u0645\u0646 \u0627\u0644\u0623\u062d\u062f\u0627\u062b\u060c \u062d\u0645\u0644\u0627\u062a \u0645\u062a\u062f\u0627\u0648\u0644\u0629 \u0639\u0644\u0649 \u0627\u0644\u0634\u0628\u0643\u0627\u062a \u0627\u0644\u0627\u062c\u062a\u0645\u0627\u0639\u064a\u0629 \u062f\u064a\u0627\u0644\u0646\u0627.<\/p>\n\n\n\n<p class=\"has-text-align-center\"><strong>\u0627\u0633\u062a\u0643\u0634\u0641\u0648\u0627\u060c \u0634\u0627\u0631\u0643\u0648\u0627 \u0648\u0627\u062c\u0639\u0644\u0648\u0627 \u0645\u0647\u0645\u062a\u0646\u0627 \u062d\u064a\u0629.<\/strong><\/p>\n\n\n\n<div class=\"wp-block-buttons is-content-justification-center is-layout-flex wp-container-core-buttons-is-layout-a89b3969 wp-block-buttons-is-layout-flex\">\n<div class=\"wp-block-button\"><a class=\"wp-block-button__link wp-element-button\">\u0634\u0627\u0647\u062f \u0627\u0644\u0641\u064a\u062f\u064a\u0648\u0647\u0627\u062a<\/a><\/div>\n<\/div>\n<\/div><figure class=\"wp-block-media-text__media\"><img loading=\"lazy\" decoding=\"async\" width=\"1024\" height=\"683\" src=\"https:\/\/afak-sante-mentale.ma\/wp-content\/uploads\/2025\/05\/people-2562605_1280-1024x683.jpg\" alt=\"\" class=\"wp-image-1787 size-full\" srcset=\"https:\/\/afak-sante-mentale.ma\/wp-content\/uploads\/2025\/05\/people-2562605_1280-1024x683.jpg 1024w, https:\/\/afak-sante-mentale.ma\/wp-content\/uploads\/2025\/05\/people-2562605_1280-300x200.jpg 300w, https:\/\/afak-sante-mentale.ma\/wp-content\/uploads\/2025\/05\/people-2562605_1280-768x512.jpg 768w, https:\/\/afak-sante-mentale.ma\/wp-content\/uploads\/2025\/05\/people-2562605_1280.jpg 1280w\" sizes=\"auto, (max-width: 1024px) 100vw, 1024px\" \/><\/figure><\/div>\n\n\n\n<div style=\"height:50px\" aria-hidden=\"true\" class=\"wp-block-spacer\"><\/div>\n\n\n\n<div class=\"wp-block-group alignfull has-background-color has-white-color has-ast-global-color-3-background-color has-text-color has-background has-link-color wp-elements-0b95935bc5a094e72dcfa8f554967357 is-vertical is-content-justification-stretch is-layout-flex wp-container-core-group-is-layout-48a3dbfb wp-block-group-is-layout-flex\" style=\"min-height:40vh;margin-top:0;margin-bottom:0;padding-top:var(--wp--preset--spacing--60);padding-right:var(--wp--preset--spacing--40);padding-bottom:var(--wp--preset--spacing--60);padding-left:var(--wp--preset--spacing--40)\">\n<div class=\"wp-block-columns alignwide has-small-font-size is-layout-flex wp-container-core-columns-is-layout-28f84493 wp-block-columns-is-layout-flex\">\n<div class=\"wp-block-column is-layout-flow wp-block-column-is-layout-flow\">\n<p class=\"has-text-align-center has-medium-font-size\"><strong>\u062a\u0648\u0627\u0635\u0644<\/strong><\/p>\n\n\n\n<p class=\"has-text-align-center\">CMPS Boulevard Abdelkader Sahraoui<br>Casablanca, MAROC<\/p>\n\n\n\n<p class=\"has-text-align-center\">contact@afak-sante-mentale.ma<\/p>\n\n\n\n<p class=\"has-text-align-center\">T\u00e9l : 06 12 97 58 63<\/p>\n\n\n\n<div style=\"height:24px\" aria-hidden=\"true\" class=\"wp-block-spacer\"><\/div>\n<\/div>\n\n\n\n<div class=\"wp-block-column is-layout-flow wp-block-column-is-layout-flow\">\n<p class=\"has-text-align-center has-medium-font-size\"><strong>\u0627\u0644\u0642\u0627\u0626\u0645\u0629<\/strong><\/p>\n\n\n<nav class=\"has-small-font-size items-justified-center is-vertical no-wrap wp-block-navigation is-content-justification-center is-nowrap is-layout-flex wp-container-core-navigation-is-layout-34a3ecb2 wp-block-navigation-is-layout-flex\" aria-label=\"PrimaryP\"><ul class=\"wp-block-navigation__container has-small-font-size items-justified-center is-vertical no-wrap wp-block-navigation has-small-font-size\"><li class=\"has-small-font-size wp-block-navigation-item wp-block-navigation-link\"><a class=\"wp-block-navigation-item__content\"  href=\"https:\/\/afak-sante-mentale.ma\/ar\/\"><span class=\"wp-block-navigation-item__label\">\u0627\u0644\u0627\u0633\u062a\u0642\u0628\u0627\u0644<\/span><\/a><\/li><li data-wp-context=\"{ &quot;submenuOpenedBy&quot;: { &quot;click&quot;: false, &quot;hover&quot;: false, &quot;focus&quot;: false }, &quot;type&quot;: &quot;submenu&quot;, &quot;modal&quot;: null }\" data-wp-interactive=\"core\/navigation\" data-wp-on--focusout=\"actions.handleMenuFocusout\" data-wp-on--keydown=\"actions.handleMenuKeydown\" data-wp-watch=\"callbacks.initMenu\" tabindex=\"-1\" class=\"wp-block-navigation-item has-small-font-size has-child open-on-click wp-block-navigation-submenu\"><button data-wp-bind--aria-expanded=\"state.isMenuOpen\" data-wp-on-async--click=\"actions.toggleMenuOnClick\" aria-label=\"Afak submenu\" class=\"wp-block-navigation-item__content wp-block-navigation-submenu__toggle\" ><span class=\"wp-block-navigation-item__label\">\u0622\u0641\u0627\u0642<\/span><\/button><span class=\"wp-block-navigation__submenu-icon\"><svg xmlns=\"http:\/\/www.w3.org\/2000\/svg\" width=\"12\" height=\"12\" viewbox=\"0 0 12 12\" fill=\"none\" aria-hidden=\"true\" focusable=\"false\"><path d=\"M1.50002 4L6.00002 8L10.5 4\" stroke-width=\"1.5\"><\/path><\/svg><\/span><ul data-wp-on-async--focus=\"actions.openMenuOnFocus\" class=\"wp-block-navigation__submenu-container wp-block-navigation-submenu\"><li class=\"has-small-font-size wp-block-navigation-item wp-block-navigation-link\"><a class=\"wp-block-navigation-item__content\"  href=\"https:\/\/afak-sante-mentale.ma\/ar\/qui-sommes-nous\/\"><span class=\"wp-block-navigation-item__label\">\u0634\u0643\u0648\u0646 \u062d\u0646\u0627\u061f<\/span><\/a><\/li><li class=\"has-small-font-size wp-block-navigation-item wp-block-navigation-link\"><a class=\"wp-block-navigation-item__content\"  href=\"https:\/\/afak-sante-mentale.ma\/ar\/mission-valeurs\/\"><span class=\"wp-block-navigation-item__label\">\u0627\u0644\u0645\u0647\u0645\u0629 \u0648\u0627\u0644\u0642\u064a\u0645<\/span><\/a><\/li><li class=\"has-small-font-size wp-block-navigation-item wp-block-navigation-link\"><a class=\"wp-block-navigation-item__content\"  href=\"https:\/\/afak-sante-mentale.ma\/ar\/partenaires-collaborations\/\"><span class=\"wp-block-navigation-item__label\">\u0627\u0644\u0634\u0631\u0643\u0627\u0621 \u0648\u0627\u0644\u062a\u0639\u0627\u0648\u0646\u0627\u062a<\/span><\/a><\/li><\/ul><\/li><li data-wp-context=\"{ &quot;submenuOpenedBy&quot;: { &quot;click&quot;: false, &quot;hover&quot;: false, &quot;focus&quot;: false }, &quot;type&quot;: &quot;submenu&quot;, &quot;modal&quot;: null }\" data-wp-interactive=\"core\/navigation\" data-wp-on--focusout=\"actions.handleMenuFocusout\" data-wp-on--keydown=\"actions.handleMenuKeydown\" data-wp-watch=\"callbacks.initMenu\" tabindex=\"-1\" class=\"wp-block-navigation-item has-small-font-size has-child open-on-click wp-block-navigation-submenu\"><button data-wp-bind--aria-expanded=\"state.isMenuOpen\" data-wp-on-async--click=\"actions.toggleMenuOnClick\" aria-label=\"\u00c9v\u00e9nts &#038; Actus submenu\" class=\"wp-block-navigation-item__content wp-block-navigation-submenu__toggle\" ><span class=\"wp-block-navigation-item__label\">\u0627\u0644\u0641\u0639\u0627\u0644\u064a\u0627\u062a \u0648\u0627\u0644\u0623\u062e\u0628\u0627\u0631<\/span><\/button><span class=\"wp-block-navigation__submenu-icon\"><svg xmlns=\"http:\/\/www.w3.org\/2000\/svg\" width=\"12\" height=\"12\" viewbox=\"0 0 12 12\" fill=\"none\" aria-hidden=\"true\" focusable=\"false\"><path d=\"M1.50002 4L6.00002 8L10.5 4\" stroke-width=\"1.5\"><\/path><\/svg><\/span><ul data-wp-on-async--focus=\"actions.openMenuOnFocus\" class=\"wp-block-navigation__submenu-container wp-block-navigation-submenu\"><li class=\"has-small-font-size wp-block-navigation-item wp-block-navigation-link\"><a class=\"wp-block-navigation-item__content\"  href=\"https:\/\/afak-sante-mentale.ma\/ar\/events\/\"><span class=\"wp-block-navigation-item__label\">\u0627\u0644\u062c\u062f\u0648\u0644 \u0627\u0644\u0632\u0645\u0646\u064a<\/span><\/a><\/li><li class=\"has-small-font-size wp-block-navigation-item wp-block-navigation-link\"><a class=\"wp-block-navigation-item__content\"  href=\"https:\/\/afak-sante-mentale.ma\/ar\/articles-communiques\/\"><span class=\"wp-block-navigation-item__label\">\u0627\u0644\u0645\u0642\u0627\u0644\u0627\u062a \u0648\u0627\u0644\u0628\u0644\u0627\u063a\u0627\u062a<\/span><\/a><\/li><li class=\"has-small-font-size wp-block-navigation-item wp-block-navigation-link\"><a class=\"wp-block-navigation-item__content\"  href=\"#revue\"><span class=\"wp-block-navigation-item__label\">\u0627\u0633\u062a\u0639\u0631\u0627\u0636 \u0627\u0644\u0635\u062d\u0627\u0641\u0629<\/span><\/a><\/li><\/ul><\/li><li data-wp-context=\"{ &quot;submenuOpenedBy&quot;: { &quot;click&quot;: false, &quot;hover&quot;: false, &quot;focus&quot;: false }, &quot;type&quot;: &quot;submenu&quot;, &quot;modal&quot;: null }\" data-wp-interactive=\"core\/navigation\" data-wp-on--focusout=\"actions.handleMenuFocusout\" data-wp-on--keydown=\"actions.handleMenuKeydown\" data-wp-watch=\"callbacks.initMenu\" tabindex=\"-1\" class=\"wp-block-navigation-item has-small-font-size has-child open-on-click wp-block-navigation-submenu\"><button data-wp-bind--aria-expanded=\"state.isMenuOpen\" data-wp-on-async--click=\"actions.toggleMenuOnClick\" aria-label=\"Formations &#038; Conseil submenu\" class=\"wp-block-navigation-item__content wp-block-navigation-submenu__toggle\" ><span class=\"wp-block-navigation-item__label\">\u0627\u0644\u062a\u0643\u0648\u064a\u0646\u0627\u062a \u0648\u0627\u0644\u0627\u0633\u062a\u0634\u0627\u0631\u0627\u062a<\/span><\/button><span class=\"wp-block-navigation__submenu-icon\"><svg xmlns=\"http:\/\/www.w3.org\/2000\/svg\" width=\"12\" height=\"12\" viewbox=\"0 0 12 12\" fill=\"none\" aria-hidden=\"true\" focusable=\"false\"><path d=\"M1.50002 4L6.00002 8L10.5 4\" stroke-width=\"1.5\"><\/path><\/svg><\/span><ul data-wp-on-async--focus=\"actions.openMenuOnFocus\" class=\"wp-block-navigation__submenu-container wp-block-navigation-submenu\"><li class=\"has-small-font-size wp-block-navigation-item wp-block-navigation-link\"><a class=\"wp-block-navigation-item__content\"  href=\"#\"><span class=\"wp-block-navigation-item__label\">\u0627\u0644\u062a\u0643\u0648\u064a\u0646\u0627\u062a<\/span><\/a><\/li><li class=\"has-small-font-size wp-block-navigation-item wp-block-navigation-link\"><a class=\"wp-block-navigation-item__content\"  href=\"#\"><span class=\"wp-block-navigation-item__label\">\u0627\u0644\u0648\u0631\u0634\u0627\u062a \u0648\u0627\u0644\u062a\u0648\u0639\u064a\u0629<\/span><\/a><\/li><li class=\"has-small-font-size wp-block-navigation-item wp-block-navigation-link\"><a class=\"wp-block-navigation-item__content\"  href=\"#\"><span class=\"wp-block-navigation-item__label\">\u0627\u0644\u0645\u0648\u0627\u0643\u0628\u0629<\/span><\/a><\/li><\/ul><\/li><li data-wp-context=\"{ &quot;submenuOpenedBy&quot;: { &quot;click&quot;: false, &quot;hover&quot;: false, &quot;focus&quot;: false }, &quot;type&quot;: &quot;submenu&quot;, &quot;modal&quot;: null }\" data-wp-interactive=\"core\/navigation\" data-wp-on--focusout=\"actions.handleMenuFocusout\" data-wp-on--keydown=\"actions.handleMenuKeydown\" data-wp-watch=\"callbacks.initMenu\" tabindex=\"-1\" class=\"wp-block-navigation-item has-small-font-size has-child open-on-click wp-block-navigation-submenu\"><button data-wp-bind--aria-expanded=\"state.isMenuOpen\" data-wp-on-async--click=\"actions.toggleMenuOnClick\" aria-label=\"M\u00e9diath\u00e8que submenu\" class=\"wp-block-navigation-item__content wp-block-navigation-submenu__toggle\" ><span class=\"wp-block-navigation-item__label\">\u0627\u0644\u0645\u0643\u062a\u0628\u0629 \u0627\u0644\u0625\u0639\u0644\u0627\u0645\u064a\u0629<\/span><\/button><span class=\"wp-block-navigation__submenu-icon\"><svg xmlns=\"http:\/\/www.w3.org\/2000\/svg\" width=\"12\" height=\"12\" viewbox=\"0 0 12 12\" fill=\"none\" aria-hidden=\"true\" focusable=\"false\"><path d=\"M1.50002 4L6.00002 8L10.5 4\" stroke-width=\"1.5\"><\/path><\/svg><\/span><ul data-wp-on-async--focus=\"actions.openMenuOnFocus\" class=\"wp-block-navigation__submenu-container wp-block-navigation-submenu\"><li class=\"has-small-font-size wp-block-navigation-item wp-block-navigation-link\"><a class=\"wp-block-navigation-item__content\"  href=\"https:\/\/afak-sante-mentale.ma\/ar\/mediatheque\/\"><span class=\"wp-block-navigation-item__label\">\u0645\u0639\u0631\u0636 \u0627\u0644\u0635\u0648\u0631\/\u0627\u0644\u0641\u064a\u062f\u064a\u0648\u0647\u0627\u062a<\/span><\/a><\/li><li class=\"has-small-font-size wp-block-navigation-item wp-block-navigation-link\"><a class=\"wp-block-navigation-item__content\"  href=\"#\"><span class=\"wp-block-navigation-item__label\">\u0639\u0644\u0649 \u0627\u0644\u0634\u0628\u0643\u0627\u062a<\/span><\/a><\/li><\/ul><\/li><\/ul><\/nav>\n\n\n<div style=\"height:24px\" aria-hidden=\"true\" class=\"wp-block-spacer\"><\/div>\n<\/div>\n\n\n\n<div class=\"wp-block-column is-layout-flow wp-block-column-is-layout-flow\">\n<p class=\"has-text-align-center has-medium-font-size\"><strong>\u0631\u0648\u0627\u0628\u0637 \u0645\u0641\u064a\u062f\u0629<\/strong><\/p>\n\n\n\n<div class=\"wp-block-group is-vertical is-content-justification-center is-layout-flex wp-container-core-group-is-layout-0e868306 wp-block-group-is-layout-flex\">\n<p><a href=\"#\">\u0627\u0644\u0645\u0639\u0631\u0636<\/a><\/p>\n\n\n\n<p><a href=\"#\">\u0627\u0644\u0648\u0631\u0634\u0627\u062a \u0648\u0627\u0644\u062a\u0643\u0648\u064a\u0646\u0627\u062a<\/a><\/p>\n\n\n\n<p><a href=\"#\">\u0627\u0644\u0634\u0631\u0643\u0627\u0621<\/a><\/p>\n<\/div>\n\n\n\n<div style=\"height:24px\" aria-hidden=\"true\" class=\"wp-block-spacer\"><\/div>\n<\/div>\n<\/div>\n\n\n\n<div class=\"wp-block-group alignwide is-content-justification-center is-layout-flex wp-container-core-group-is-layout-c124d1c4 wp-block-group-is-layout-flex\">\n<p class=\"has-text-align-center has-small-font-size\">\u0645\u062f\u0639\u0648\u0645 \u0645\u0646 \u0637\u0631\u0641 Inkwa | \u062d\u0642\u0648\u0642 \u0627\u0644\u0637\u0628\u0639 \u0648\u0627\u0644\u0646\u0634\u0631 \u00a92025 \u2013 \u062c\u0645\u0639\u064a\u0629 \u0623\u0641\u0642 \u0644\u0644\u0635\u062d\u0629 \u0627\u0644\u0646\u0641\u0633\u064a\u0629<\/p>\n<\/div>\n<\/div>","protected":false},"excerpt":{"rendered":"<p>Galerie des photos\u200b M\u00e9diath\u00e8que Afak Bienvenue dans notre espace multim\u00e9dia.D\u00e9couvrez en images et en vid\u00e9os les actions, \u00e9v\u00e9nements, campagnes de [&hellip;]<\/p>\n","protected":false},"author":1,"featured_media":0,"parent":0,"menu_order":0,"comment_status":"closed","ping_status":"closed","template":"","meta":{"_surecart_dashboard_logo_width":"180px","_surecart_dashboard_show_logo":true,"_surecart_dashboard_navigation_orders":true,"_surecart_dashboard_navigation_invoices":true,"_surecart_dashboard_navigation_subscriptions":true,"_surecart_dashboard_navigation_downloads":true,"_surecart_dashboard_navigation_billing":true,"_surecart_dashboard_navigation_account":true,"_uag_custom_page_level_css":"","site-sidebar-layout":"default","site-content-layout":"","ast-site-content-layout":"","site-content-style":"default","site-sidebar-style":"default","ast-global-header-display":"","ast-banner-title-visibility":"","ast-main-header-display":"","ast-hfb-above-header-display":"","ast-hfb-below-header-display":"","ast-hfb-mobile-header-display":"","site-post-title":"disabled","ast-breadcrumbs-content":"","ast-featured-img":"","footer-sml-layout":"","ast-disable-related-posts":"","theme-transparent-header-meta":"enabled","adv-header-id-meta":"","stick-header-meta":"","header-above-stick-meta":"","header-main-stick-meta":"","header-below-stick-meta":"","astra-migrate-meta-layouts":"default","ast-page-background-enabled":"default","ast-page-background-meta":{"desktop":{"background-color":"var(--ast-global-color-5)","background-image":"","background-repeat":"repeat","background-position":"center center","background-size":"auto","background-attachment":"scroll","background-type":"","background-media":"","overlay-type":"","overlay-color":"","overlay-opacity":"","overlay-gradient":""},"tablet":{"background-color":"","background-image":"","background-repeat":"repeat","background-position":"center center","background-size":"auto","background-attachment":"scroll","background-type":"","background-media":"","overlay-type":"","overlay-color":"","overlay-opacity":"","overlay-gradient":""},"mobile":{"background-color":"","background-image":"","background-repeat":"repeat","background-position":"center center","background-size":"auto","background-attachment":"scroll","background-type":"","background-media":"","overlay-type":"","overlay-color":"","overlay-opacity":"","overlay-gradient":""}},"ast-content-background-meta":{"desktop":{"background-color":"var(--ast-global-color-4)","background-image":"","background-repeat":"repeat","background-position":"center center","background-size":"auto","background-attachment":"scroll","background-type":"","background-media":"","overlay-type":"","overlay-color":"","overlay-opacity":"","overlay-gradient":""},"tablet":{"background-color":"var(--ast-global-color-4)","background-image":"","background-repeat":"repeat","background-position":"center center","background-size":"auto","background-attachment":"scroll","background-type":"","background-media":"","overlay-type":"","overlay-color":"","overlay-opacity":"","overlay-gradient":""},"mobile":{"background-color":"var(--ast-global-color-4)","background-image":"","background-repeat":"repeat","background-position":"center center","background-size":"auto","background-attachment":"scroll","background-type":"","background-media":"","overlay-type":"","overlay-color":"","overlay-opacity":"","overlay-gradient":""}},"footnotes":""},"class_list":["post-1782","page","type-page","status-publish","hentry"],"uagb_featured_image_src":{"full":false,"thumbnail":false,"medium":false,"medium_large":false,"large":false,"1536x1536":false,"2048x2048":false,"trp-custom-language-flag":false},"uagb_author_info":{"display_name":"Afak","author_link":"https:\/\/afak-sante-mentale.ma\/ar\/author\/injaayme-com\/"},"uagb_comment_info":0,"uagb_excerpt":"Galerie des photos\u200b M\u00e9diath\u00e8que Afak Bienvenue dans notre espace multim\u00e9dia.D\u00e9couvrez en images et en vid\u00e9os les actions, \u00e9v\u00e9nements, campagnes de [&hellip;]","_links":{"self":[{"href":"https:\/\/afak-sante-mentale.ma\/ar\/wp-json\/wp\/v2\/pages\/1782","targetHints":{"allow":["GET"]}}],"collection":[{"href":"https:\/\/afak-sante-mentale.ma\/ar\/wp-json\/wp\/v2\/pages"}],"about":[{"href":"https:\/\/afak-sante-mentale.ma\/ar\/wp-json\/wp\/v2\/types\/page"}],"author":[{"embeddable":true,"href":"https:\/\/afak-sante-mentale.ma\/ar\/wp-json\/wp\/v2\/users\/1"}],"replies":[{"embeddable":true,"href":"https:\/\/afak-sante-mentale.ma\/ar\/wp-json\/wp\/v2\/comments?post=1782"}],"version-history":[{"count":6,"href":"https:\/\/afak-sante-mentale.ma\/ar\/wp-json\/wp\/v2\/pages\/1782\/revisions"}],"predecessor-version":[{"id":1824,"href":"https:\/\/afak-sante-mentale.ma\/ar\/wp-json\/wp\/v2\/pages\/1782\/revisions\/1824"}],"wp:attachment":[{"href":"https:\/\/afak-sante-mentale.ma\/ar\/wp-json\/wp\/v2\/media?parent=1782"}],"curies":[{"name":"wp","href":"https:\/\/api.w.org\/{rel}","templated":true}]}}